{"id":428,"date":"2013-06-19T00:55:24","date_gmt":"2013-06-18T22:55:24","guid":{"rendered":"http:\/\/www.botas.se\/?page_id=428"},"modified":"2013-06-26T03:06:24","modified_gmt":"2013-06-26T01:06:24","slug":"bilder-fran-middag-och-fest","status":"publish","type":"page","link":"http:\/\/www.botas.se\/?page_id=428","title":{"rendered":"Bilder fr\u00e5n middag och fest"},"content":{"rendered":"<div id='gallery-1' class='gallery galleryid-428 gallery-columns-4 gallery-size-thumbnail'><figure class='gallery-item'>\n\t\t\t<div class='gallery-icon landscape'>\n\t\t\t\t<a href='http:\/\/www.botas.se\/wp-content\/uploads\/2013\/06\/1-G\u00e4ster.jpg'><img loading=\"lazy\" decoding=\"async\" width=\"155\" height=\"116\" src=\"http:\/\/www.botas.se\/wp-content\/uploads\/2013\/06\/1-G\u00e4ster-155x116.jpg\" class=\"attachment-thumbnail size-thumbnail\" alt=\"\" srcset=\"http:\/\/www.botas.se\/wp-content\/uploads\/2013\/06\/1-G\u00e4ster-155x116.jpg 155w, http:\/\/www.botas.se\/wp-content\/uploads\/2013\/06\/1-G\u00e4ster-300x225.jpg 300w, http:\/\/www.botas.se\/wp-content\/uploads\/2013\/06\/1-G\u00e4ster.jpg 700w\" sizes=\"auto, (max-width: 155px) 100vw, 155px\" \/><\/a>\n\t\t\t<\/div><\/figure><figure class='gallery-item'>\n\t\t\t<div class='gallery-icon landscape'>\n\t\t\t\t<a href='http:\/\/www.botas.se\/wp-content\/uploads\/2013\/06\/2-Sm\u00e5-g\u00e4ster.jpg'><img loading=\"lazy\" decoding=\"async\" width=\"155\" height=\"103\" src=\"http:\/\/www.botas.se\/wp-content\/uploads\/2013\/06\/2-Sm\u00e5-g\u00e4ster-155x103.jpg\" class=\"attachment-thumbnail size-thumbnail\" alt=\"\" srcset=\"http:\/\/www.botas.se\/wp-content\/uploads\/2013\/06\/2-Sm\u00e5-g\u00e4ster-155x103.jpg 155w, http:\/\/www.botas.se\/wp-content\/uploads\/2013\/06\/2-Sm\u00e5-g\u00e4ster-300x200.jpg 300w, http:\/\/www.botas.se\/wp-content\/uploads\/2013\/06\/2-Sm\u00e5-g\u00e4ster.jpg 700w\" sizes=\"auto, (max-width: 155px) 100vw, 155px\" \/><\/a>\n\t\t\t<\/div><\/figure><figure class='gallery-item'>\n\t\t\t<div class='gallery-icon portrait'>\n\t\t\t\t<a href='http:\/\/www.botas.se\/wp-content\/uploads\/2013\/06\/3-1-Maten.jpg'><img loading=\"lazy\" decoding=\"async\" width=\"102\" height=\"155\" src=\"http:\/\/www.botas.se\/wp-content\/uploads\/2013\/06\/3-1-Maten-102x155.jpg\" class=\"attachment-thumbnail size-thumbnail\" alt=\"\" srcset=\"http:\/\/www.botas.se\/wp-content\/uploads\/2013\/06\/3-1-Maten-102x155.jpg 102w, http:\/\/www.botas.se\/wp-content\/uploads\/2013\/06\/3-1-Maten-198x300.jpg 198w, http:\/\/www.botas.se\/wp-content\/uploads\/2013\/06\/3-1-Maten.jpg 464w\" sizes=\"auto, (max-width: 102px) 100vw, 102px\" \/><\/a>\n\t\t\t<\/div><\/figure><figure class='gallery-item'>\n\t\t\t<div class='gallery-icon landscape'>\n\t\t\t\t<a href='http:\/\/www.botas.se\/wp-content\/uploads\/2013\/06\/3-Maten.jpg'><img loading=\"lazy\" decoding=\"async\" width=\"155\" height=\"102\" src=\"http:\/\/www.botas.se\/wp-content\/uploads\/2013\/06\/3-Maten-155x102.jpg\" class=\"attachment-thumbnail size-thumbnail\" alt=\"\" srcset=\"http:\/\/www.botas.se\/wp-content\/uploads\/2013\/06\/3-Maten-155x102.jpg 155w, http:\/\/www.botas.se\/wp-content\/uploads\/2013\/06\/3-Maten-300x198.jpg 300w, http:\/\/www.botas.se\/wp-content\/uploads\/2013\/06\/3-Maten-175x114.jpg 175w, http:\/\/www.botas.se\/wp-content\/uploads\/2013\/06\/3-Maten.jpg 700w\" sizes=\"auto, (max-width: 155px) 100vw, 155px\" \/><\/a>\n\t\t\t<\/div><\/figure><figure class='gallery-item'>\n\t\t\t<div class='gallery-icon landscape'>\n\t\t\t\t<a href='http:\/\/www.botas.se\/wp-content\/uploads\/2013\/06\/5-G\u00e4ster-vid-bordet.jpg'><img loading=\"lazy\" decoding=\"async\" width=\"155\" height=\"102\" src=\"http:\/\/www.botas.se\/wp-content\/uploads\/2013\/06\/5-G\u00e4ster-vid-bordet-155x102.jpg\" class=\"attachment-thumbnail size-thumbnail\" alt=\"\" srcset=\"http:\/\/www.botas.se\/wp-content\/uploads\/2013\/06\/5-G\u00e4ster-vid-bordet-155x102.jpg 155w, http:\/\/www.botas.se\/wp-content\/uploads\/2013\/06\/5-G\u00e4ster-vid-bordet-300x198.jpg 300w, http:\/\/www.botas.se\/wp-content\/uploads\/2013\/06\/5-G\u00e4ster-vid-bordet-175x114.jpg 175w, http:\/\/www.botas.se\/wp-content\/uploads\/2013\/06\/5-G\u00e4ster-vid-bordet.jpg 700w\" sizes=\"auto, (max-width: 155px) 100vw, 155px\" \/><\/a>\n\t\t\t<\/div><\/figure><figure class='gallery-item'>\n\t\t\t<div class='gallery-icon landscape'>\n\t\t\t\t<a href='http:\/\/www.botas.se\/wp-content\/uploads\/2013\/06\/6-Brudparet-p\u00e5-scen.jpg'><img loading=\"lazy\" decoding=\"async\" width=\"155\" height=\"102\" src=\"http:\/\/www.botas.se\/wp-content\/uploads\/2013\/06\/6-Brudparet-p\u00e5-scen-155x102.jpg\" class=\"attachment-thumbnail size-thumbnail\" alt=\"\" srcset=\"http:\/\/www.botas.se\/wp-content\/uploads\/2013\/06\/6-Brudparet-p\u00e5-scen-155x102.jpg 155w, http:\/\/www.botas.se\/wp-content\/uploads\/2013\/06\/6-Brudparet-p\u00e5-scen-300x198.jpg 300w, http:\/\/www.botas.se\/wp-content\/uploads\/2013\/06\/6-Brudparet-p\u00e5-scen-175x114.jpg 175w, http:\/\/www.botas.se\/wp-content\/uploads\/2013\/06\/6-Brudparet-p\u00e5-scen.jpg 700w\" sizes=\"auto, (max-width: 155px) 100vw, 155px\" \/><\/a>\n\t\t\t<\/div><\/figure><figure class='gallery-item'>\n\t\t\t<div class='gallery-icon landscape'>\n\t\t\t\t<a href='http:\/\/www.botas.se\/wp-content\/uploads\/2013\/06\/7-G\u00e4ster.jpg'><img loading=\"lazy\" decoding=\"async\" width=\"155\" height=\"103\" src=\"http:\/\/www.botas.se\/wp-content\/uploads\/2013\/06\/7-G\u00e4ster-155x103.jpg\" class=\"attachment-thumbnail size-thumbnail\" alt=\"\" srcset=\"http:\/\/www.botas.se\/wp-content\/uploads\/2013\/06\/7-G\u00e4ster-155x103.jpg 155w, http:\/\/www.botas.se\/wp-content\/uploads\/2013\/06\/7-G\u00e4ster-300x200.jpg 300w, http:\/\/www.botas.se\/wp-content\/uploads\/2013\/06\/7-G\u00e4ster.jpg 700w\" sizes=\"auto, (max-width: 155px) 100vw, 155px\" \/><\/a>\n\t\t\t<\/div><\/figure><figure class='gallery-item'>\n\t\t\t<div class='gallery-icon landscape'>\n\t\t\t\t<a href='http:\/\/www.botas.se\/wp-content\/uploads\/2013\/06\/8-Brudpar-p\u00e5-scen.jpg'><img loading=\"lazy\" decoding=\"async\" width=\"155\" height=\"102\" src=\"http:\/\/www.botas.se\/wp-content\/uploads\/2013\/06\/8-Brudpar-p\u00e5-scen-155x102.jpg\" class=\"attachment-thumbnail size-thumbnail\" alt=\"\" srcset=\"http:\/\/www.botas.se\/wp-content\/uploads\/2013\/06\/8-Brudpar-p\u00e5-scen-155x102.jpg 155w, http:\/\/www.botas.se\/wp-content\/uploads\/2013\/06\/8-Brudpar-p\u00e5-scen-300x198.jpg 300w, http:\/\/www.botas.se\/wp-content\/uploads\/2013\/06\/8-Brudpar-p\u00e5-scen-175x114.jpg 175w, http:\/\/www.botas.se\/wp-content\/uploads\/2013\/06\/8-Brudpar-p\u00e5-scen.jpg 700w\" sizes=\"auto, (max-width: 155px) 100vw, 155px\" \/><\/a>\n\t\t\t<\/div><\/figure><figure class='gallery-item'>\n\t\t\t<div class='gallery-icon landscape'>\n\t\t\t\t<a href='http:\/\/www.botas.se\/wp-content\/uploads\/2013\/06\/9-G\u00e4sterna-till-bords.jpg'><img loading=\"lazy\" decoding=\"async\" width=\"155\" height=\"102\" src=\"http:\/\/www.botas.se\/wp-content\/uploads\/2013\/06\/9-G\u00e4sterna-till-bords-155x102.jpg\" class=\"attachment-thumbnail size-thumbnail\" alt=\"\" srcset=\"http:\/\/www.botas.se\/wp-content\/uploads\/2013\/06\/9-G\u00e4sterna-till-bords-155x102.jpg 155w, http:\/\/www.botas.se\/wp-content\/uploads\/2013\/06\/9-G\u00e4sterna-till-bords-300x198.jpg 300w, http:\/\/www.botas.se\/wp-content\/uploads\/2013\/06\/9-G\u00e4sterna-till-bords-175x114.jpg 175w, http:\/\/www.botas.se\/wp-content\/uploads\/2013\/06\/9-G\u00e4sterna-till-bords.jpg 700w\" sizes=\"auto, (max-width: 155px) 100vw, 155px\" \/><\/a>\n\t\t\t<\/div><\/figure><figure class='gallery-item'>\n\t\t\t<div class='gallery-icon landscape'>\n\t\t\t\t<a href='http:\/\/www.botas.se\/wp-content\/uploads\/2013\/06\/10-G\u00e4sterna-till-bords.jpg'><img loading=\"lazy\" decoding=\"async\" width=\"155\" height=\"102\" src=\"http:\/\/www.botas.se\/wp-content\/uploads\/2013\/06\/10-G\u00e4sterna-till-bords-155x102.jpg\" class=\"attachment-thumbnail size-thumbnail\" alt=\"\" srcset=\"http:\/\/www.botas.se\/wp-content\/uploads\/2013\/06\/10-G\u00e4sterna-till-bords-155x102.jpg 155w, http:\/\/www.botas.se\/wp-content\/uploads\/2013\/06\/10-G\u00e4sterna-till-bords-300x198.jpg 300w, http:\/\/www.botas.se\/wp-content\/uploads\/2013\/06\/10-G\u00e4sterna-till-bords-175x114.jpg 175w, http:\/\/www.botas.se\/wp-content\/uploads\/2013\/06\/10-G\u00e4sterna-till-bords.jpg 700w\" sizes=\"auto, (max-width: 155px) 100vw, 155px\" \/><\/a>\n\t\t\t<\/div><\/figure><figure class='gallery-item'>\n\t\t\t<div class='gallery-icon landscape'>\n\t\t\t\t<a href='http:\/\/www.botas.se\/wp-content\/uploads\/2013\/06\/11-Martina-och-Markus.jpg'><img loading=\"lazy\" decoding=\"async\" width=\"155\" height=\"103\" src=\"http:\/\/www.botas.se\/wp-content\/uploads\/2013\/06\/11-Martina-och-Markus-155x103.jpg\" class=\"attachment-thumbnail size-thumbnail\" alt=\"\" srcset=\"http:\/\/www.botas.se\/wp-content\/uploads\/2013\/06\/11-Martina-och-Markus-155x103.jpg 155w, http:\/\/www.botas.se\/wp-content\/uploads\/2013\/06\/11-Martina-och-Markus-300x200.jpg 300w, http:\/\/www.botas.se\/wp-content\/uploads\/2013\/06\/11-Martina-och-Markus.jpg 700w\" sizes=\"auto, (max-width: 155px) 100vw, 155px\" \/><\/a>\n\t\t\t<\/div><\/figure><figure class='gallery-item'>\n\t\t\t<div class='gallery-icon landscape'>\n\t\t\t\t<a href='http:\/\/www.botas.se\/wp-content\/uploads\/2013\/06\/12-Brudparet.jpg'><img loading=\"lazy\" decoding=\"async\" width=\"155\" height=\"108\" src=\"http:\/\/www.botas.se\/wp-content\/uploads\/2013\/06\/12-Brudparet-155x108.jpg\" class=\"attachment-thumbnail size-thumbnail\" alt=\"\" srcset=\"http:\/\/www.botas.se\/wp-content\/uploads\/2013\/06\/12-Brudparet-155x108.jpg 155w, http:\/\/www.botas.se\/wp-content\/uploads\/2013\/06\/12-Brudparet-300x210.jpg 300w, http:\/\/www.botas.se\/wp-content\/uploads\/2013\/06\/12-Brudparet.jpg 700w\" sizes=\"auto, (max-width: 155px) 100vw, 155px\" \/><\/a>\n\t\t\t<\/div><\/figure><figure class='gallery-item'>\n\t\t\t<div class='gallery-icon landscape'>\n\t\t\t\t<a href='http:\/\/www.botas.se\/wp-content\/uploads\/2013\/06\/13-Krista.jpg'><img loading=\"lazy\" decoding=\"async\" width=\"155\" height=\"103\" src=\"http:\/\/www.botas.se\/wp-content\/uploads\/2013\/06\/13-Krista-155x103.jpg\" class=\"attachment-thumbnail size-thumbnail\" alt=\"\" srcset=\"http:\/\/www.botas.se\/wp-content\/uploads\/2013\/06\/13-Krista-155x103.jpg 155w, http:\/\/www.botas.se\/wp-content\/uploads\/2013\/06\/13-Krista-300x200.jpg 300w, http:\/\/www.botas.se\/wp-content\/uploads\/2013\/06\/13-Krista.jpg 700w\" sizes=\"auto, (max-width: 155px) 100vw, 155px\" \/><\/a>\n\t\t\t<\/div><\/figure><figure class='gallery-item'>\n\t\t\t<div class='gallery-icon landscape'>\n\t\t\t\t<a href='http:\/\/www.botas.se\/wp-content\/uploads\/2013\/06\/14-Skoleken.jpg'><img loading=\"lazy\" decoding=\"async\" width=\"155\" height=\"102\" src=\"http:\/\/www.botas.se\/wp-content\/uploads\/2013\/06\/14-Skoleken-155x102.jpg\" class=\"attachment-thumbnail size-thumbnail\" alt=\"\" srcset=\"http:\/\/www.botas.se\/wp-content\/uploads\/2013\/06\/14-Skoleken-155x102.jpg 155w, http:\/\/www.botas.se\/wp-content\/uploads\/2013\/06\/14-Skoleken-300x199.jpg 300w, http:\/\/www.botas.se\/wp-content\/uploads\/2013\/06\/14-Skoleken-175x114.jpg 175w, http:\/\/www.botas.se\/wp-content\/uploads\/2013\/06\/14-Skoleken.jpg 700w\" sizes=\"auto, (max-width: 155px) 100vw, 155px\" \/><\/a>\n\t\t\t<\/div><\/figure><figure class='gallery-item'>\n\t\t\t<div class='gallery-icon landscape'>\n\t\t\t\t<a href='http:\/\/www.botas.se\/wp-content\/uploads\/2013\/06\/15-T\u00e5rta-och-avec.jpg'><img loading=\"lazy\" decoding=\"async\" width=\"155\" height=\"102\" src=\"http:\/\/www.botas.se\/wp-content\/uploads\/2013\/06\/15-T\u00e5rta-och-avec-155x102.jpg\" class=\"attachment-thumbnail size-thumbnail\" alt=\"\" srcset=\"http:\/\/www.botas.se\/wp-content\/uploads\/2013\/06\/15-T\u00e5rta-och-avec-155x102.jpg 155w, http:\/\/www.botas.se\/wp-content\/uploads\/2013\/06\/15-T\u00e5rta-och-avec-300x198.jpg 300w, http:\/\/www.botas.se\/wp-content\/uploads\/2013\/06\/15-T\u00e5rta-och-avec-175x114.jpg 175w, http:\/\/www.botas.se\/wp-content\/uploads\/2013\/06\/15-T\u00e5rta-och-avec.jpg 700w\" sizes=\"auto, (max-width: 155px) 100vw, 155px\" \/><\/a>\n\t\t\t<\/div><\/figure><figure class='gallery-item'>\n\t\t\t<div class='gallery-icon landscape'>\n\t\t\t\t<a href='http:\/\/www.botas.se\/wp-content\/uploads\/2013\/06\/16-Brudparet-sk\u00e4r-t\u00e5rta.jpg'><img loading=\"lazy\" decoding=\"async\" width=\"155\" height=\"102\" src=\"http:\/\/www.botas.se\/wp-content\/uploads\/2013\/06\/16-Brudparet-sk\u00e4r-t\u00e5rta-155x102.jpg\" class=\"attachment-thumbnail size-thumbnail\" alt=\"\" srcset=\"http:\/\/www.botas.se\/wp-content\/uploads\/2013\/06\/16-Brudparet-sk\u00e4r-t\u00e5rta-155x102.jpg 155w, http:\/\/www.botas.se\/wp-content\/uploads\/2013\/06\/16-Brudparet-sk\u00e4r-t\u00e5rta-300x198.jpg 300w, http:\/\/www.botas.se\/wp-content\/uploads\/2013\/06\/16-Brudparet-sk\u00e4r-t\u00e5rta-175x114.jpg 175w, http:\/\/www.botas.se\/wp-content\/uploads\/2013\/06\/16-Brudparet-sk\u00e4r-t\u00e5rta.jpg 700w\" sizes=\"auto, (max-width: 155px) 100vw, 155px\" \/><\/a>\n\t\t\t<\/div><\/figure><figure class='gallery-item'>\n\t\t\t<div class='gallery-icon portrait'>\n\t\t\t\t<a href='http:\/\/www.botas.se\/wp-content\/uploads\/2013\/06\/17-Fackelt\u00e5g-mot-Borrg\u00e5rden.jpg'><img loading=\"lazy\" decoding=\"async\" width=\"116\" height=\"155\" src=\"http:\/\/www.botas.se\/wp-content\/uploads\/2013\/06\/17-Fackelt\u00e5g-mot-Borrg\u00e5rden-116x155.jpg\" class=\"attachment-thumbnail size-thumbnail\" alt=\"\" srcset=\"http:\/\/www.botas.se\/wp-content\/uploads\/2013\/06\/17-Fackelt\u00e5g-mot-Borrg\u00e5rden-116x155.jpg 116w, http:\/\/www.botas.se\/wp-content\/uploads\/2013\/06\/17-Fackelt\u00e5g-mot-Borrg\u00e5rden-225x300.jpg 225w, http:\/\/www.botas.se\/wp-content\/uploads\/2013\/06\/17-Fackelt\u00e5g-mot-Borrg\u00e5rden.jpg 525w\" sizes=\"auto, (max-width: 116px) 100vw, 116px\" \/><\/a>\n\t\t\t<\/div><\/figure><figure class='gallery-item'>\n\t\t\t<div class='gallery-icon portrait'>\n\t\t\t\t<a href='http:\/\/www.botas.se\/wp-content\/uploads\/2013\/06\/18-Helen.jpg'><img loading=\"lazy\" decoding=\"async\" width=\"116\" height=\"155\" src=\"http:\/\/www.botas.se\/wp-content\/uploads\/2013\/06\/18-Helen-116x155.jpg\" class=\"attachment-thumbnail size-thumbnail\" alt=\"\" srcset=\"http:\/\/www.botas.se\/wp-content\/uploads\/2013\/06\/18-Helen-116x155.jpg 116w, http:\/\/www.botas.se\/wp-content\/uploads\/2013\/06\/18-Helen-225x300.jpg 225w, http:\/\/www.botas.se\/wp-content\/uploads\/2013\/06\/18-Helen.jpg 525w\" sizes=\"auto, (max-width: 116px) 100vw, 116px\" \/><\/a>\n\t\t\t<\/div><\/figure><figure class='gallery-item'>\n\t\t\t<div class='gallery-icon landscape'>\n\t\t\t\t<a href='http:\/\/www.botas.se\/wp-content\/uploads\/2013\/06\/19-Facklor-i-sn\u00f6n.jpg'><img loading=\"lazy\" decoding=\"async\" width=\"155\" height=\"155\" src=\"http:\/\/www.botas.se\/wp-content\/uploads\/2013\/06\/19-Facklor-i-sn\u00f6n-155x155.jpg\" class=\"attachment-thumbnail size-thumbnail\" alt=\"\" srcset=\"http:\/\/www.botas.se\/wp-content\/uploads\/2013\/06\/19-Facklor-i-sn\u00f6n-155x155.jpg 155w, http:\/\/www.botas.se\/wp-content\/uploads\/2013\/06\/19-Facklor-i-sn\u00f6n-300x300.jpg 300w, http:\/\/www.botas.se\/wp-content\/uploads\/2013\/06\/19-Facklor-i-sn\u00f6n-140x140.jpg 140w, http:\/\/www.botas.se\/wp-content\/uploads\/2013\/06\/19-Facklor-i-sn\u00f6n.jpg 598w\" sizes=\"auto, (max-width: 155px) 100vw, 155px\" \/><\/a>\n\t\t\t<\/div><\/figure><figure class='gallery-item'>\n\t\t\t<div class='gallery-icon landscape'>\n\t\t\t\t<a href='http:\/\/www.botas.se\/wp-content\/uploads\/2013\/06\/20-Borrg\u00e5rden.jpg'><img loading=\"lazy\" decoding=\"async\" width=\"155\" height=\"155\" src=\"http:\/\/www.botas.se\/wp-content\/uploads\/2013\/06\/20-Borrg\u00e5rden-155x155.jpg\" class=\"attachment-thumbnail size-thumbnail\" alt=\"\" srcset=\"http:\/\/www.botas.se\/wp-content\/uploads\/2013\/06\/20-Borrg\u00e5rden-155x155.jpg 155w, http:\/\/www.botas.se\/wp-content\/uploads\/2013\/06\/20-Borrg\u00e5rden-300x300.jpg 300w, http:\/\/www.botas.se\/wp-content\/uploads\/2013\/06\/20-Borrg\u00e5rden-140x140.jpg 140w, http:\/\/www.botas.se\/wp-content\/uploads\/2013\/06\/20-Borrg\u00e5rden.jpg 599w\" sizes=\"auto, (max-width: 155px) 100vw, 155px\" \/><\/a>\n\t\t\t<\/div><\/figure><figure class='gallery-item'>\n\t\t\t<div class='gallery-icon landscape'>\n\t\t\t\t<a href='http:\/\/www.botas.se\/wp-content\/uploads\/2013\/06\/21-Dags-f\u00f6r-br\u00f6llopsdans.jpg'><img loading=\"lazy\" decoding=\"async\" width=\"155\" height=\"103\" src=\"http:\/\/www.botas.se\/wp-content\/uploads\/2013\/06\/21-Dags-f\u00f6r-br\u00f6llopsdans-155x103.jpg\" class=\"attachment-thumbnail size-thumbnail\" alt=\"\" srcset=\"http:\/\/www.botas.se\/wp-content\/uploads\/2013\/06\/21-Dags-f\u00f6r-br\u00f6llopsdans-155x103.jpg 155w, http:\/\/www.botas.se\/wp-content\/uploads\/2013\/06\/21-Dags-f\u00f6r-br\u00f6llopsdans-300x200.jpg 300w, http:\/\/www.botas.se\/wp-content\/uploads\/2013\/06\/21-Dags-f\u00f6r-br\u00f6llopsdans.jpg 700w\" sizes=\"auto, (max-width: 155px) 100vw, 155px\" \/><\/a>\n\t\t\t<\/div><\/figure><figure class='gallery-item'>\n\t\t\t<div class='gallery-icon landscape'>\n\t\t\t\t<a href='http:\/\/www.botas.se\/wp-content\/uploads\/2013\/06\/22-Br\u00f6llopsdans.jpg'><img loading=\"lazy\" decoding=\"async\" width=\"155\" height=\"103\" src=\"http:\/\/www.botas.se\/wp-content\/uploads\/2013\/06\/22-Br\u00f6llopsdans-155x103.jpg\" class=\"attachment-thumbnail size-thumbnail\" alt=\"\" srcset=\"http:\/\/www.botas.se\/wp-content\/uploads\/2013\/06\/22-Br\u00f6llopsdans-155x103.jpg 155w, http:\/\/www.botas.se\/wp-content\/uploads\/2013\/06\/22-Br\u00f6llopsdans-300x200.jpg 300w, http:\/\/www.botas.se\/wp-content\/uploads\/2013\/06\/22-Br\u00f6llopsdans.jpg 700w\" sizes=\"auto, (max-width: 155px) 100vw, 155px\" \/><\/a>\n\t\t\t<\/div><\/figure>\n\t\t<\/div>\n\n<p>Bilderna \u00e4r i huvudsak tagna av Sara Rutberg och Calle Strand. Om ni skulle \u00f6nska att f\u00e5 n\u00e5gon av bilderna i full storlek,\u00a0<a href=\"mailto:brollop@evennicerarts.com\">h\u00f6r av er<\/a>\u00a0till oss.<\/p>\n","protected":false},"excerpt":{"rendered":"<p>Bilderna \u00e4r i huvudsak tagna av Sara Rutberg och Calle Strand. Om ni skulle \u00f6nska att f\u00e5 n\u00e5gon av bilderna i full storlek,\u00a0h\u00f6r av er\u00a0till oss.<\/p>\n","protected":false},"author":1,"featured_media":0,"parent":0,"menu_order":0,"comment_status":"open","ping_status":"open","template":"","meta":{"footnotes":""},"class_list":["post-428","page","type-page","status-publish","hentry"],"_links":{"self":[{"href":"http:\/\/www.botas.se\/index.php?rest_route=\/wp\/v2\/pages\/428","targetHints":{"allow":["GET"]}}],"collection":[{"href":"http:\/\/www.botas.se\/index.php?rest_route=\/wp\/v2\/pages"}],"about":[{"href":"http:\/\/www.botas.se\/index.php?rest_route=\/wp\/v2\/types\/page"}],"author":[{"embeddable":true,"href":"http:\/\/www.botas.se\/index.php?rest_route=\/wp\/v2\/users\/1"}],"replies":[{"embeddable":true,"href":"http:\/\/www.botas.se\/index.php?rest_route=%2Fwp%2Fv2%2Fcomments&post=428"}],"version-history":[{"count":3,"href":"http:\/\/www.botas.se\/index.php?rest_route=\/wp\/v2\/pages\/428\/revisions"}],"predecessor-version":[{"id":559,"href":"http:\/\/www.botas.se\/index.php?rest_route=\/wp\/v2\/pages\/428\/revisions\/559"}],"wp:attachment":[{"href":"http:\/\/www.botas.se\/index.php?rest_route=%2Fwp%2Fv2%2Fmedia&parent=428"}],"curies":[{"name":"wp","href":"https:\/\/api.w.org\/{rel}","templated":true}]}}