{"id":498,"date":"2013-06-26T01:51:13","date_gmt":"2013-06-25T23:51:13","guid":{"rendered":"http:\/\/www.botas.se\/?page_id=498"},"modified":"2013-06-28T00:14:31","modified_gmt":"2013-06-27T22:14:31","slug":"bilder-pa-brudparet","status":"publish","type":"page","link":"http:\/\/www.botas.se\/?page_id=498","title":{"rendered":"Bilder p\u00e5 brudparet"},"content":{"rendered":"<div id='gallery-1' class='gallery galleryid-498 gallery-columns-4 gallery-size-thumbnail'><figure class='gallery-item'>\n\t\t\t<div class='gallery-icon portrait'>\n\t\t\t\t<a href='http:\/\/www.botas.se\/wp-content\/uploads\/2013\/06\/3-Karin.jpg'><img loading=\"lazy\" decoding=\"async\" width=\"103\" height=\"155\" src=\"http:\/\/www.botas.se\/wp-content\/uploads\/2013\/06\/3-Karin-103x155.jpg\" class=\"attachment-thumbnail size-thumbnail\" alt=\"\" srcset=\"http:\/\/www.botas.se\/wp-content\/uploads\/2013\/06\/3-Karin-103x155.jpg 103w, http:\/\/www.botas.se\/wp-content\/uploads\/2013\/06\/3-Karin-199x300.jpg 199w, http:\/\/www.botas.se\/wp-content\/uploads\/2013\/06\/3-Karin.jpg 466w\" sizes=\"auto, (max-width: 103px) 100vw, 103px\" \/><\/a>\n\t\t\t<\/div><\/figure><figure class='gallery-item'>\n\t\t\t<div class='gallery-icon portrait'>\n\t\t\t\t<a href='http:\/\/www.botas.se\/wp-content\/uploads\/2013\/06\/3-Sittandes.jpg'><img loading=\"lazy\" decoding=\"async\" width=\"102\" height=\"155\" src=\"http:\/\/www.botas.se\/wp-content\/uploads\/2013\/06\/3-Sittandes-102x155.jpg\" class=\"attachment-thumbnail size-thumbnail\" alt=\"\" srcset=\"http:\/\/www.botas.se\/wp-content\/uploads\/2013\/06\/3-Sittandes-102x155.jpg 102w, http:\/\/www.botas.se\/wp-content\/uploads\/2013\/06\/3-Sittandes-199x300.jpg 199w, http:\/\/www.botas.se\/wp-content\/uploads\/2013\/06\/3-Sittandes.jpg 465w\" sizes=\"auto, (max-width: 102px) 100vw, 102px\" \/><\/a>\n\t\t\t<\/div><\/figure><figure class='gallery-item'>\n\t\t\t<div class='gallery-icon portrait'>\n\t\t\t\t<a href='http:\/\/www.botas.se\/wp-content\/uploads\/2013\/06\/4-Sittandes-puss.jpg'><img loading=\"lazy\" decoding=\"async\" width=\"102\" height=\"155\" src=\"http:\/\/www.botas.se\/wp-content\/uploads\/2013\/06\/4-Sittandes-puss-102x155.jpg\" class=\"attachment-thumbnail size-thumbnail\" alt=\"\" srcset=\"http:\/\/www.botas.se\/wp-content\/uploads\/2013\/06\/4-Sittandes-puss-102x155.jpg 102w, http:\/\/www.botas.se\/wp-content\/uploads\/2013\/06\/4-Sittandes-puss-199x300.jpg 199w, http:\/\/www.botas.se\/wp-content\/uploads\/2013\/06\/4-Sittandes-puss.jpg 465w\" sizes=\"auto, (max-width: 102px) 100vw, 102px\" \/><\/a>\n\t\t\t<\/div><\/figure><figure class='gallery-item'>\n\t\t\t<div class='gallery-icon portrait'>\n\t\t\t\t<a href='http:\/\/www.botas.se\/wp-content\/uploads\/2013\/06\/6-Karin-sitt.jpg'><img loading=\"lazy\" decoding=\"async\" width=\"102\" height=\"155\" src=\"http:\/\/www.botas.se\/wp-content\/uploads\/2013\/06\/6-Karin-sitt-102x155.jpg\" class=\"attachment-thumbnail size-thumbnail\" alt=\"\" srcset=\"http:\/\/www.botas.se\/wp-content\/uploads\/2013\/06\/6-Karin-sitt-102x155.jpg 102w, http:\/\/www.botas.se\/wp-content\/uploads\/2013\/06\/6-Karin-sitt-198x300.jpg 198w, http:\/\/www.botas.se\/wp-content\/uploads\/2013\/06\/6-Karin-sitt.jpg 464w\" sizes=\"auto, (max-width: 102px) 100vw, 102px\" \/><\/a>\n\t\t\t<\/div><\/figure><figure class='gallery-item'>\n\t\t\t<div class='gallery-icon portrait'>\n\t\t\t\t<a href='http:\/\/www.botas.se\/wp-content\/uploads\/2013\/06\/7-Detaljer.jpg'><img loading=\"lazy\" decoding=\"async\" width=\"102\" height=\"155\" src=\"http:\/\/www.botas.se\/wp-content\/uploads\/2013\/06\/7-Detaljer-102x155.jpg\" class=\"attachment-thumbnail size-thumbnail\" alt=\"\" srcset=\"http:\/\/www.botas.se\/wp-content\/uploads\/2013\/06\/7-Detaljer-102x155.jpg 102w, http:\/\/www.botas.se\/wp-content\/uploads\/2013\/06\/7-Detaljer-199x300.jpg 199w, http:\/\/www.botas.se\/wp-content\/uploads\/2013\/06\/7-Detaljer.jpg 465w\" sizes=\"auto, (max-width: 102px) 100vw, 102px\" \/><\/a>\n\t\t\t<\/div><\/figure><figure class='gallery-item'>\n\t\t\t<div class='gallery-icon portrait'>\n\t\t\t\t<a href='http:\/\/www.botas.se\/wp-content\/uploads\/2013\/06\/8-Jonte-sitt.jpg'><img loading=\"lazy\" decoding=\"async\" width=\"102\" height=\"155\" src=\"http:\/\/www.botas.se\/wp-content\/uploads\/2013\/06\/8-Jonte-sitt-102x155.jpg\" class=\"attachment-thumbnail size-thumbnail\" alt=\"\" srcset=\"http:\/\/www.botas.se\/wp-content\/uploads\/2013\/06\/8-Jonte-sitt-102x155.jpg 102w, http:\/\/www.botas.se\/wp-content\/uploads\/2013\/06\/8-Jonte-sitt-198x300.jpg 198w, http:\/\/www.botas.se\/wp-content\/uploads\/2013\/06\/8-Jonte-sitt.jpg 464w\" sizes=\"auto, (max-width: 102px) 100vw, 102px\" \/><\/a>\n\t\t\t<\/div><\/figure><figure class='gallery-item'>\n\t\t\t<div class='gallery-icon portrait'>\n\t\t\t\t<a href='http:\/\/www.botas.se\/wp-content\/uploads\/2013\/06\/9-Rosor.jpg'><img loading=\"lazy\" decoding=\"async\" width=\"102\" height=\"155\" src=\"http:\/\/www.botas.se\/wp-content\/uploads\/2013\/06\/9-Rosor-102x155.jpg\" class=\"attachment-thumbnail size-thumbnail\" alt=\"\" srcset=\"http:\/\/www.botas.se\/wp-content\/uploads\/2013\/06\/9-Rosor-102x155.jpg 102w, http:\/\/www.botas.se\/wp-content\/uploads\/2013\/06\/9-Rosor-199x300.jpg 199w, http:\/\/www.botas.se\/wp-content\/uploads\/2013\/06\/9-Rosor.jpg 465w\" sizes=\"auto, (max-width: 102px) 100vw, 102px\" \/><\/a>\n\t\t\t<\/div><\/figure><figure class='gallery-item'>\n\t\t\t<div class='gallery-icon portrait'>\n\t\t\t\t<a href='http:\/\/www.botas.se\/wp-content\/uploads\/2013\/06\/10-det-snurrar.jpg'><img loading=\"lazy\" decoding=\"async\" width=\"102\" height=\"155\" src=\"http:\/\/www.botas.se\/wp-content\/uploads\/2013\/06\/10-det-snurrar-102x155.jpg\" class=\"attachment-thumbnail size-thumbnail\" alt=\"\" srcset=\"http:\/\/www.botas.se\/wp-content\/uploads\/2013\/06\/10-det-snurrar-102x155.jpg 102w, http:\/\/www.botas.se\/wp-content\/uploads\/2013\/06\/10-det-snurrar-198x300.jpg 198w, http:\/\/www.botas.se\/wp-content\/uploads\/2013\/06\/10-det-snurrar.jpg 464w\" sizes=\"auto, (max-width: 102px) 100vw, 102px\" \/><\/a>\n\t\t\t<\/div><\/figure><figure class='gallery-item'>\n\t\t\t<div class='gallery-icon landscape'>\n\t\t\t\t<a href='http:\/\/www.botas.se\/wp-content\/uploads\/2013\/06\/11-Allvarligt.jpg'><img loading=\"lazy\" decoding=\"async\" width=\"155\" height=\"103\" src=\"http:\/\/www.botas.se\/wp-content\/uploads\/2013\/06\/11-Allvarligt-155x103.jpg\" class=\"attachment-thumbnail size-thumbnail\" alt=\"\" srcset=\"http:\/\/www.botas.se\/wp-content\/uploads\/2013\/06\/11-Allvarligt-155x103.jpg 155w, http:\/\/www.botas.se\/wp-content\/uploads\/2013\/06\/11-Allvarligt-300x199.jpg 300w, http:\/\/www.botas.se\/wp-content\/uploads\/2013\/06\/11-Allvarligt.jpg 700w\" sizes=\"auto, (max-width: 155px) 100vw, 155px\" \/><\/a>\n\t\t\t<\/div><\/figure><figure class='gallery-item'>\n\t\t\t<div class='gallery-icon landscape'>\n\t\t\t\t<a href='http:\/\/www.botas.se\/wp-content\/uploads\/2013\/06\/12-glatt.jpg'><img loading=\"lazy\" decoding=\"async\" width=\"155\" height=\"117\" src=\"http:\/\/www.botas.se\/wp-content\/uploads\/2013\/06\/12-glatt-155x117.jpg\" class=\"attachment-thumbnail size-thumbnail\" alt=\"\" srcset=\"http:\/\/www.botas.se\/wp-content\/uploads\/2013\/06\/12-glatt-155x117.jpg 155w, http:\/\/www.botas.se\/wp-content\/uploads\/2013\/06\/12-glatt-300x228.jpg 300w, http:\/\/www.botas.se\/wp-content\/uploads\/2013\/06\/12-glatt.jpg 920w\" sizes=\"auto, (max-width: 155px) 100vw, 155px\" \/><\/a>\n\t\t\t<\/div><\/figure><figure class='gallery-item'>\n\t\t\t<div class='gallery-icon portrait'>\n\t\t\t\t<a href='http:\/\/www.botas.se\/wp-content\/uploads\/2013\/06\/13-k\u00f6ket.jpg'><img loading=\"lazy\" decoding=\"async\" width=\"102\" height=\"155\" src=\"http:\/\/www.botas.se\/wp-content\/uploads\/2013\/06\/13-k\u00f6ket-102x155.jpg\" class=\"attachment-thumbnail size-thumbnail\" alt=\"\" srcset=\"http:\/\/www.botas.se\/wp-content\/uploads\/2013\/06\/13-k\u00f6ket-102x155.jpg 102w, http:\/\/www.botas.se\/wp-content\/uploads\/2013\/06\/13-k\u00f6ket-199x300.jpg 199w, http:\/\/www.botas.se\/wp-content\/uploads\/2013\/06\/13-k\u00f6ket.jpg 465w\" sizes=\"auto, (max-width: 102px) 100vw, 102px\" \/><\/a>\n\t\t\t<\/div><\/figure><figure class='gallery-item'>\n\t\t\t<div class='gallery-icon portrait'>\n\t\t\t\t<a href='http:\/\/www.botas.se\/wp-content\/uploads\/2013\/06\/14-ute.jpg'><img loading=\"lazy\" decoding=\"async\" width=\"102\" height=\"155\" src=\"http:\/\/www.botas.se\/wp-content\/uploads\/2013\/06\/14-ute-102x155.jpg\" class=\"attachment-thumbnail size-thumbnail\" alt=\"\" srcset=\"http:\/\/www.botas.se\/wp-content\/uploads\/2013\/06\/14-ute-102x155.jpg 102w, http:\/\/www.botas.se\/wp-content\/uploads\/2013\/06\/14-ute-198x300.jpg 198w, http:\/\/www.botas.se\/wp-content\/uploads\/2013\/06\/14-ute.jpg 464w\" sizes=\"auto, (max-width: 102px) 100vw, 102px\" \/><\/a>\n\t\t\t<\/div><\/figure><figure class='gallery-item'>\n\t\t\t<div class='gallery-icon landscape'>\n\t\t\t\t<a href='http:\/\/www.botas.se\/wp-content\/uploads\/2013\/06\/15-ute-n\u00e4ra.jpg'><img loading=\"lazy\" decoding=\"async\" width=\"155\" height=\"102\" src=\"http:\/\/www.botas.se\/wp-content\/uploads\/2013\/06\/15-ute-n\u00e4ra-155x102.jpg\" class=\"attachment-thumbnail size-thumbnail\" alt=\"\" srcset=\"http:\/\/www.botas.se\/wp-content\/uploads\/2013\/06\/15-ute-n\u00e4ra-155x102.jpg 155w, http:\/\/www.botas.se\/wp-content\/uploads\/2013\/06\/15-ute-n\u00e4ra-300x198.jpg 300w, http:\/\/www.botas.se\/wp-content\/uploads\/2013\/06\/15-ute-n\u00e4ra-175x114.jpg 175w, http:\/\/www.botas.se\/wp-content\/uploads\/2013\/06\/15-ute-n\u00e4ra.jpg 700w\" sizes=\"auto, (max-width: 155px) 100vw, 155px\" \/><\/a>\n\t\t\t<\/div><\/figure><figure class='gallery-item'>\n\t\t\t<div class='gallery-icon landscape'>\n\t\t\t\t<a href='http:\/\/www.botas.se\/wp-content\/uploads\/2013\/06\/16-som-i-gamla-dar.jpg'><img loading=\"lazy\" decoding=\"async\" width=\"155\" height=\"102\" src=\"http:\/\/www.botas.se\/wp-content\/uploads\/2013\/06\/16-som-i-gamla-dar-155x102.jpg\" class=\"attachment-thumbnail size-thumbnail\" alt=\"\" srcset=\"http:\/\/www.botas.se\/wp-content\/uploads\/2013\/06\/16-som-i-gamla-dar-155x102.jpg 155w, http:\/\/www.botas.se\/wp-content\/uploads\/2013\/06\/16-som-i-gamla-dar-300x198.jpg 300w, http:\/\/www.botas.se\/wp-content\/uploads\/2013\/06\/16-som-i-gamla-dar-175x114.jpg 175w, http:\/\/www.botas.se\/wp-content\/uploads\/2013\/06\/16-som-i-gamla-dar.jpg 700w\" sizes=\"auto, (max-width: 155px) 100vw, 155px\" \/><\/a>\n\t\t\t<\/div><\/figure><figure class='gallery-item'>\n\t\t\t<div class='gallery-icon landscape'>\n\t\t\t\t<a href='http:\/\/www.botas.se\/wp-content\/uploads\/2013\/06\/17-vi-drar.jpg'><img loading=\"lazy\" decoding=\"async\" width=\"155\" height=\"102\" src=\"http:\/\/www.botas.se\/wp-content\/uploads\/2013\/06\/17-vi-drar-155x102.jpg\" class=\"attachment-thumbnail size-thumbnail\" alt=\"\" srcset=\"http:\/\/www.botas.se\/wp-content\/uploads\/2013\/06\/17-vi-drar-155x102.jpg 155w, http:\/\/www.botas.se\/wp-content\/uploads\/2013\/06\/17-vi-drar-300x198.jpg 300w, http:\/\/www.botas.se\/wp-content\/uploads\/2013\/06\/17-vi-drar-175x114.jpg 175w, http:\/\/www.botas.se\/wp-content\/uploads\/2013\/06\/17-vi-drar.jpg 700w\" sizes=\"auto, (max-width: 155px) 100vw, 155px\" \/><\/a>\n\t\t\t<\/div><\/figure>\n\t\t<\/div>\n\n<p>Alla bilder \u00e4r tagna av Sara Rutberg och Calle Strand. Om ni skulle \u00f6nska att f\u00e5 n\u00e5gon av bilderna i full storlek,\u00a0<a href=\"mailto:brollop@evennicerarts.com\">h\u00f6r av er<\/a>\u00a0till oss.<\/p>\n","protected":false},"excerpt":{"rendered":"<p>Alla bilder \u00e4r tagna av Sara Rutberg och Calle Strand. Om ni skulle \u00f6nska att f\u00e5 n\u00e5gon av bilderna i full storlek,\u00a0h\u00f6r av er\u00a0till oss.<\/p>\n","protected":false},"author":1,"featured_media":0,"parent":0,"menu_order":0,"comment_status":"open","ping_status":"open","template":"","meta":{"footnotes":""},"class_list":["post-498","page","type-page","status-publish","hentry"],"_links":{"self":[{"href":"http:\/\/www.botas.se\/index.php?rest_route=\/wp\/v2\/pages\/498","targetHints":{"allow":["GET"]}}],"collection":[{"href":"http:\/\/www.botas.se\/index.php?rest_route=\/wp\/v2\/pages"}],"about":[{"href":"http:\/\/www.botas.se\/index.php?rest_route=\/wp\/v2\/types\/page"}],"author":[{"embeddable":true,"href":"http:\/\/www.botas.se\/index.php?rest_route=\/wp\/v2\/users\/1"}],"replies":[{"embeddable":true,"href":"http:\/\/www.botas.se\/index.php?rest_route=%2Fwp%2Fv2%2Fcomments&post=498"}],"version-history":[{"count":8,"href":"http:\/\/www.botas.se\/index.php?rest_route=\/wp\/v2\/pages\/498\/revisions"}],"predecessor-version":[{"id":536,"href":"http:\/\/www.botas.se\/index.php?rest_route=\/wp\/v2\/pages\/498\/revisions\/536"}],"wp:attachment":[{"href":"http:\/\/www.botas.se\/index.php?rest_route=%2Fwp%2Fv2%2Fmedia&parent=498"}],"curies":[{"name":"wp","href":"https:\/\/api.w.org\/{rel}","templated":true}]}}