{"id":517,"date":"2013-06-26T01:52:51","date_gmt":"2013-06-25T23:52:51","guid":{"rendered":"http:\/\/www.botas.se\/?page_id=517"},"modified":"2013-06-26T03:03:42","modified_gmt":"2013-06-26T01:03:42","slug":"bilder-fran-dagen-efter","status":"publish","type":"page","link":"http:\/\/www.botas.se\/?page_id=517","title":{"rendered":"Bilder fr\u00e5n dagen efter"},"content":{"rendered":"<div id='gallery-1' class='gallery galleryid-517 gallery-columns-4 gallery-size-thumbnail'><figure class='gallery-item'>\n\t\t\t<div class='gallery-icon portrait'>\n\t\t\t\t<a href='http:\/\/www.botas.se\/wp-content\/uploads\/2013\/06\/1-Bruds\u00e4ngen.jpg'><img loading=\"lazy\" decoding=\"async\" width=\"110\" height=\"155\" src=\"http:\/\/www.botas.se\/wp-content\/uploads\/2013\/06\/1-Bruds\u00e4ngen-110x155.jpg\" class=\"attachment-thumbnail size-thumbnail\" alt=\"\" srcset=\"http:\/\/www.botas.se\/wp-content\/uploads\/2013\/06\/1-Bruds\u00e4ngen-110x155.jpg 110w, http:\/\/www.botas.se\/wp-content\/uploads\/2013\/06\/1-Bruds\u00e4ngen-213x300.jpg 213w, http:\/\/www.botas.se\/wp-content\/uploads\/2013\/06\/1-Bruds\u00e4ngen.jpg 499w\" sizes=\"auto, (max-width: 110px) 100vw, 110px\" \/><\/a>\n\t\t\t<\/div><\/figure><figure class='gallery-item'>\n\t\t\t<div class='gallery-icon portrait'>\n\t\t\t\t<a href='http:\/\/www.botas.se\/wp-content\/uploads\/2013\/06\/2-Alla-i-bruds\u00e4ngen.jpg'><img loading=\"lazy\" decoding=\"async\" width=\"103\" height=\"155\" src=\"http:\/\/www.botas.se\/wp-content\/uploads\/2013\/06\/2-Alla-i-bruds\u00e4ngen-103x155.jpg\" class=\"attachment-thumbnail size-thumbnail\" alt=\"\" srcset=\"http:\/\/www.botas.se\/wp-content\/uploads\/2013\/06\/2-Alla-i-bruds\u00e4ngen-103x155.jpg 103w, http:\/\/www.botas.se\/wp-content\/uploads\/2013\/06\/2-Alla-i-bruds\u00e4ngen-199x300.jpg 199w, http:\/\/www.botas.se\/wp-content\/uploads\/2013\/06\/2-Alla-i-bruds\u00e4ngen.jpg 466w\" sizes=\"auto, (max-width: 103px) 100vw, 103px\" \/><\/a>\n\t\t\t<\/div><\/figure><figure class='gallery-item'>\n\t\t\t<div class='gallery-icon portrait'>\n\t\t\t\t<a href='http:\/\/www.botas.se\/wp-content\/uploads\/2013\/06\/3-Sk\u00e5pet.jpg'><img loading=\"lazy\" decoding=\"async\" width=\"103\" height=\"155\" src=\"http:\/\/www.botas.se\/wp-content\/uploads\/2013\/06\/3-Sk\u00e5pet-103x155.jpg\" class=\"attachment-thumbnail size-thumbnail\" alt=\"\" srcset=\"http:\/\/www.botas.se\/wp-content\/uploads\/2013\/06\/3-Sk\u00e5pet-103x155.jpg 103w, http:\/\/www.botas.se\/wp-content\/uploads\/2013\/06\/3-Sk\u00e5pet-200x300.jpg 200w, http:\/\/www.botas.se\/wp-content\/uploads\/2013\/06\/3-Sk\u00e5pet.jpg 467w\" sizes=\"auto, (max-width: 103px) 100vw, 103px\" \/><\/a>\n\t\t\t<\/div><\/figure><figure class='gallery-item'>\n\t\t\t<div class='gallery-icon landscape'>\n\t\t\t\t<a href='http:\/\/www.botas.se\/wp-content\/uploads\/2013\/06\/4-hatt.jpg'><img loading=\"lazy\" decoding=\"async\" width=\"155\" height=\"103\" src=\"http:\/\/www.botas.se\/wp-content\/uploads\/2013\/06\/4-hatt-155x103.jpg\" class=\"attachment-thumbnail size-thumbnail\" alt=\"\" srcset=\"http:\/\/www.botas.se\/wp-content\/uploads\/2013\/06\/4-hatt-155x103.jpg 155w, http:\/\/www.botas.se\/wp-content\/uploads\/2013\/06\/4-hatt-300x200.jpg 300w, http:\/\/www.botas.se\/wp-content\/uploads\/2013\/06\/4-hatt.jpg 700w\" sizes=\"auto, (max-width: 155px) 100vw, 155px\" \/><\/a>\n\t\t\t<\/div><\/figure>\n\t\t<\/div>\n\n<p>Om du skulle \u00f6nska att f\u00e5 n\u00e5gon av bilderna i full storlek,\u00a0<a href=\"mailto:brollop@evennicerarts.com\">h\u00f6r av dig<\/a>\u00a0till oss!<\/p>\n","protected":false},"excerpt":{"rendered":"<p>Om du skulle \u00f6nska att f\u00e5 n\u00e5gon av bilderna i full storlek,\u00a0h\u00f6r av dig\u00a0till oss!<\/p>\n","protected":false},"author":1,"featured_media":0,"parent":0,"menu_order":0,"comment_status":"open","ping_status":"open","template":"","meta":{"footnotes":""},"class_list":["post-517","page","type-page","status-publish","hentry"],"_links":{"self":[{"href":"http:\/\/www.botas.se\/index.php?rest_route=\/wp\/v2\/pages\/517","targetHints":{"allow":["GET"]}}],"collection":[{"href":"http:\/\/www.botas.se\/index.php?rest_route=\/wp\/v2\/pages"}],"about":[{"href":"http:\/\/www.botas.se\/index.php?rest_route=\/wp\/v2\/types\/page"}],"author":[{"embeddable":true,"href":"http:\/\/www.botas.se\/index.php?rest_route=\/wp\/v2\/users\/1"}],"replies":[{"embeddable":true,"href":"http:\/\/www.botas.se\/index.php?rest_route=%2Fwp%2Fv2%2Fcomments&post=517"}],"version-history":[{"count":7,"href":"http:\/\/www.botas.se\/index.php?rest_route=\/wp\/v2\/pages\/517\/revisions"}],"predecessor-version":[{"id":580,"href":"http:\/\/www.botas.se\/index.php?rest_route=\/wp\/v2\/pages\/517\/revisions\/580"}],"wp:attachment":[{"href":"http:\/\/www.botas.se\/index.php?rest_route=%2Fwp%2Fv2%2Fmedia&parent=517"}],"curies":[{"name":"wp","href":"https:\/\/api.w.org\/{rel}","templated":true}]}}