{"id":178,"date":"2013-05-11T12:00:34","date_gmt":"2013-05-11T10:00:34","guid":{"rendered":"http:\/\/www.botas.se\/?page_id=178"},"modified":"2026-03-13T01:49:58","modified_gmt":"2026-03-13T00:49:58","slug":"hafte","status":"publish","type":"page","link":"https:\/\/www.botas.se\/?page_id=178","title":{"rendered":"Br\u00f6llopsh\u00e4ftet"},"content":{"rendered":"\n<p>Hann du aldrig l\u00e4sa om dig sj\u00e4lv? Funderar du p\u00e5 vad det var som nu stod om den eller den? Eller vad det var f\u00f6r mat som serverades? Hur gick den d\u00e4r s\u00e5ngen nu igen? Vi har d\u00e4rf\u00f6r lagt upp en PDF-version av v\u00e5rt br\u00f6llopsh\u00e4fte som ni alla kan f\u00e5 ta del av.<\/p>\n\n\n\n<p><a href=\"https:\/\/www.dropbox.com\/s\/krlm87066rx7of1\/Br%C3%B6llopsh%C3%A4ftet_20130518.pdf\" target=\"new\">Ladda ner h\u00e4ftet<\/a><\/p>\n","protected":false},"excerpt":{"rendered":"<p>Hann du aldrig l\u00e4sa om dig sj\u00e4lv? Funderar du p\u00e5 vad det var som nu stod om den eller den? Eller vad det var f\u00f6r mat som serverades? Hur gick den d\u00e4r s\u00e5ngen nu igen? Vi har d\u00e4rf\u00f6r lagt upp en PDF-version av v\u00e5rt br\u00f6llopsh\u00e4fte som ni alla kan f\u00e5 ta del av. Ladda ner [&hellip;]<\/p>\n","protected":false},"author":1,"featured_media":281,"parent":0,"menu_order":0,"comment_status":"open","ping_status":"open","template":"","meta":{"footnotes":""},"class_list":["post-178","page","type-page","status-publish","has-post-thumbnail","hentry"],"_links":{"self":[{"href":"https:\/\/www.botas.se\/index.php?rest_route=\/wp\/v2\/pages\/178","targetHints":{"allow":["GET"]}}],"collection":[{"href":"https:\/\/www.botas.se\/index.php?rest_route=\/wp\/v2\/pages"}],"about":[{"href":"https:\/\/www.botas.se\/index.php?rest_route=\/wp\/v2\/types\/page"}],"author":[{"embeddable":true,"href":"https:\/\/www.botas.se\/index.php?rest_route=\/wp\/v2\/users\/1"}],"replies":[{"embeddable":true,"href":"https:\/\/www.botas.se\/index.php?rest_route=%2Fwp%2Fv2%2Fcomments&post=178"}],"version-history":[{"count":23,"href":"https:\/\/www.botas.se\/index.php?rest_route=\/wp\/v2\/pages\/178\/revisions"}],"predecessor-version":[{"id":604,"href":"https:\/\/www.botas.se\/index.php?rest_route=\/wp\/v2\/pages\/178\/revisions\/604"}],"wp:featuredmedia":[{"embeddable":true,"href":"https:\/\/www.botas.se\/index.php?rest_route=\/wp\/v2\/media\/281"}],"wp:attachment":[{"href":"https:\/\/www.botas.se\/index.php?rest_route=%2Fwp%2Fv2%2Fmedia&parent=178"}],"curies":[{"name":"wp","href":"https:\/\/api.w.org\/{rel}","templated":true}]}}