{"id":223,"date":"2013-05-13T23:09:02","date_gmt":"2013-05-13T21:09:02","guid":{"rendered":"http:\/\/www.botas.se\/?page_id=223"},"modified":"2013-05-18T22:49:44","modified_gmt":"2013-05-18T20:49:44","slug":"tack-ska-ni-ha","status":"publish","type":"page","link":"https:\/\/www.botas.se\/","title":{"rendered":"Tack ska ni ha"},"content":{"rendered":"<p>Endast tre m\u00e5nader har g\u00e5tt, vinter har blivit v\u00e5r och sommar. Det k\u00e4nns som ig\u00e5r, samtidigt som de gr\u00f6na l\u00f6ven p\u00e5 tr\u00e4den g\u00f6r oss p\u00e5minda om att vintern \u00e4ntligen har sl\u00e4ppt sitt f\u00e4ste.<\/p>\n<p>Vi kan inte nog tacka er alla f\u00f6r att ni gjorde v\u00e5r dag of\u00f6rgl\u00f6mlig! Och f\u00f6r all hj\u00e4lp och st\u00f6d som vi f\u00e5tt b\u00e5de inf\u00f6r och under br\u00f6llopet. Ni \u00e4r fantastiska! Vi vill ocks\u00e5 passa p\u00e5 att tacka f\u00f6r alla fantastiska br\u00f6llopsg\u00e5vor!!!<\/p>\n<p>Under <a title=\"Br\u00f6llopsbilder\" href=\"http:\/\/www.botas.se\/?page_id=2\">bilderna<\/a><em>\u00a0<\/em>har vi laddat upp bilderna som v\u00e5ra eminenta br\u00f6llopsfotografer Calle och Sara tog. D\u00e4r hittar ni ocks\u00e5 de bilder som m\u00e5nga er s\u00e5 gener\u00f6st har delat med er av. Under v\u00e5ren har Jonte, Johan och Arvid spelat in l\u00e5ten som Arvid och Johan framf\u00f6rde b\u00e5de under vigselakten och p\u00e5 allas beg\u00e4ran under br\u00f6llopsfesten. L\u00e5ten heter &#8221;Ett hus med gamla f\u00f6nster&#8221;, och den hittar ni under <a title=\"Ett hus med gamla f\u00f6nster\" href=\"http:\/\/www.botas.se\/?page_id=207\">musiken<\/a>. Vi har ocks\u00e5 lagt upp <a title=\"Br\u00f6llopsh\u00e4ftet\" href=\"http:\/\/www.botas.se\/?page_id=178\">br\u00f6llopsh\u00e4ftet<\/a>, s\u00e5 att de som hade f\u00f6r trevligt p\u00e5 middagen, \u00e4ntligen f\u00e5r chansen att l\u00e4sa igenom det :)<\/p>\n<p>Sist men inte minst. Tack vare er s\u00e5 hoppar vi den andra juli p\u00e5 ett flyg mot Denver, Colorado, USA f\u00f6r att b\u00f6rja en magisk resa som p\u00e5 21 dagar tar oss omkring 400 mil genom 5 delstater. Ni kan f\u00f6lja v\u00e5rt \u00e4ventyr genom v\u00e5r reseblogg som ni hittar under <a title=\"Br\u00f6llopsresan\" href=\"http:\/\/roadtrip.botas.se\" target=\"_blank\">br\u00f6llopsresan<\/a>.<\/p>\n<p>Massor av k\u00e4rlek!<br \/>\nHerr och fru Bot\u00e5s<\/p>\n","protected":false},"excerpt":{"rendered":"<p>Endast tre m\u00e5nader har g\u00e5tt, vinter har blivit v\u00e5r och sommar. Det k\u00e4nns som ig\u00e5r, samtidigt som de gr\u00f6na l\u00f6ven p\u00e5 tr\u00e4den g\u00f6r oss p\u00e5minda om att vintern \u00e4ntligen har sl\u00e4ppt sitt f\u00e4ste. Vi kan inte nog tacka er alla f\u00f6r att ni gjorde v\u00e5r dag of\u00f6rgl\u00f6mlig! Och f\u00f6r all hj\u00e4lp och st\u00f6d som vi [&hellip;]<\/p>\n","protected":false},"author":1,"featured_media":0,"parent":0,"menu_order":0,"comment_status":"open","ping_status":"open","template":"","meta":{"footnotes":""},"class_list":["post-223","page","type-page","status-publish","hentry"],"_links":{"self":[{"href":"https:\/\/www.botas.se\/index.php?rest_route=\/wp\/v2\/pages\/223","targetHints":{"allow":["GET"]}}],"collection":[{"href":"https:\/\/www.botas.se\/index.php?rest_route=\/wp\/v2\/pages"}],"about":[{"href":"https:\/\/www.botas.se\/index.php?rest_route=\/wp\/v2\/types\/page"}],"author":[{"embeddable":true,"href":"https:\/\/www.botas.se\/index.php?rest_route=\/wp\/v2\/users\/1"}],"replies":[{"embeddable":true,"href":"https:\/\/www.botas.se\/index.php?rest_route=%2Fwp%2Fv2%2Fcomments&post=223"}],"version-history":[{"count":10,"href":"https:\/\/www.botas.se\/index.php?rest_route=\/wp\/v2\/pages\/223\/revisions"}],"predecessor-version":[{"id":227,"href":"https:\/\/www.botas.se\/index.php?rest_route=\/wp\/v2\/pages\/223\/revisions\/227"}],"wp:attachment":[{"href":"https:\/\/www.botas.se\/index.php?rest_route=%2Fwp%2Fv2%2Fmedia&parent=223"}],"curies":[{"name":"wp","href":"https:\/\/api.w.org\/{rel}","templated":true}]}}