{"id":599,"date":"2026-03-13T01:43:36","date_gmt":"2026-03-13T00:43:36","guid":{"rendered":"https:\/\/www.botas.se\/?page_id=599"},"modified":"2026-03-13T01:43:36","modified_gmt":"2026-03-13T00:43:36","slug":"ett-hus-med-gamla-fonster","status":"publish","type":"page","link":"https:\/\/www.botas.se\/?page_id=599","title":{"rendered":"Ett hus med gamla f\u00f6nster"},"content":{"rendered":"\n<p>Det \u00e4r m\u00e5nga som har \u00f6nskat att f\u00e5 h\u00f6ra den fantastiska musiken som framf\u00f6rdes under vigseln och br\u00f6llopsfesten igen. Nu slipper du v\u00e4nta l\u00e4ngre!<\/p>\n\n\n\n<p>L\u00e5ten heter \u201dEtt hus med gamla f\u00f6nster\u201d, duon kallar sig f\u00f6r Tv\u00e5samheten.&nbsp;Lyssna i musikspelaren ovan eller klicka nedan f\u00f6r att ladda hem.<\/p>\n\n\n\n<p><a href=\"https:\/\/www.dropbox.com\/s\/vwtkofvgr6g1zat\/Arvid_och_Johan_Gamla_F%C3%B6nster.mp3\">Ladda ner l\u00e5ten<\/a><\/p>\n\n\n\n<p><em>Text och musik: Johan Nilsson och Arvid Olsson<br>Inspelad, producerad och mixad\u00a0av Jon-Erik Bot\u00e5s i Even Nicer Studios, Stockholm<br>Mastrad av\u00a0Jon-Erik Bot\u00e5s och Johan Nilsson<\/em><\/p>\n\n\n\n<p><\/p>\n","protected":false},"excerpt":{"rendered":"<p>Det \u00e4r m\u00e5nga som har \u00f6nskat att f\u00e5 h\u00f6ra den fantastiska musiken som framf\u00f6rdes under vigseln och br\u00f6llopsfesten igen. Nu slipper du v\u00e4nta l\u00e4ngre! L\u00e5ten heter \u201dEtt hus med gamla f\u00f6nster\u201d, duon kallar sig f\u00f6r Tv\u00e5samheten.&nbsp;Lyssna i musikspelaren ovan eller klicka nedan f\u00f6r att ladda hem. Ladda ner l\u00e5ten Text och musik: Johan Nilsson och [&hellip;]<\/p>\n","protected":false},"author":1,"featured_media":0,"parent":0,"menu_order":0,"comment_status":"closed","ping_status":"closed","template":"","meta":{"footnotes":""},"class_list":["post-599","page","type-page","status-publish","hentry"],"_links":{"self":[{"href":"https:\/\/www.botas.se\/index.php?rest_route=\/wp\/v2\/pages\/599","targetHints":{"allow":["GET"]}}],"collection":[{"href":"https:\/\/www.botas.se\/index.php?rest_route=\/wp\/v2\/pages"}],"about":[{"href":"https:\/\/www.botas.se\/index.php?rest_route=\/wp\/v2\/types\/page"}],"author":[{"embeddable":true,"href":"https:\/\/www.botas.se\/index.php?rest_route=\/wp\/v2\/users\/1"}],"replies":[{"embeddable":true,"href":"https:\/\/www.botas.se\/index.php?rest_route=%2Fwp%2Fv2%2Fcomments&post=599"}],"version-history":[{"count":1,"href":"https:\/\/www.botas.se\/index.php?rest_route=\/wp\/v2\/pages\/599\/revisions"}],"predecessor-version":[{"id":600,"href":"https:\/\/www.botas.se\/index.php?rest_route=\/wp\/v2\/pages\/599\/revisions\/600"}],"wp:attachment":[{"href":"https:\/\/www.botas.se\/index.php?rest_route=%2Fwp%2Fv2%2Fmedia&parent=599"}],"curies":[{"name":"wp","href":"https:\/\/api.w.org\/{rel}","templated":true}]}}